{"id":940,"date":"2026-01-28T18:09:48","date_gmt":"2026-01-28T17:09:48","guid":{"rendered":"https:\/\/arboria.eco\/?post_type=product&#038;p=940"},"modified":"2026-05-11T14:27:10","modified_gmt":"2026-05-11T12:27:10","slug":"zahradni-ohradka-1200x1500","status":"publish","type":"product","link":"https:\/\/arboria.eco\/sk\/product\/zahradni-ohradka-1200x1500","title":{"rendered":"Z\u00e1hradn\u00e1 ohrada 1200 \u00d7 1500 mm"},"content":{"rendered":"<p>Na\u0161a najv\u00e4\u010d\u0161ia obd\u013a\u017enikov\u00e1 ohr\u00e1dka. Profesion\u00e1lna kapacita.<\/p>\n<ul>\n<li>Rozmery: 1200 \u00d7 1500 \u00d7 200 mm<\/li>\n<li>Objem na 1 \u00farovni: 360 litrov<\/li>\n<li>Vhodn\u00e9 pre: po\u013enohospod\u00e1rske projekty, komunitn\u00e9 z\u00e1hrady<\/li>\n<\/ul>","protected":false},"excerpt":{"rendered":"<p>Na\u0161a najv\u00e4\u010d\u0161ia obd\u013a\u017enikov\u00e1 ohr\u00e1dka. Profesion\u00e1lna kapacita.<\/p>\n<p><strong>Rozmery:<\/strong> 1200 \u00d7 1500 \u00d7 200 mm<\/p>","protected":false},"featured_media":929,"comment_status":"open","ping_status":"closed","template":"","meta":{"inline_featured_image":false},"product_brand":[],"product_cat":[20],"product_tag":[],"class_list":{"0":"post-940","1":"product","2":"type-product","3":"status-publish","4":"has-post-thumbnail","6":"product_cat-velke-obdelnikove","7":"grve-entry-item","9":"first","10":"instock","11":"shipping-taxable","12":"purchasable","13":"product-type-simple"},"_links":{"self":[{"href":"https:\/\/arboria.eco\/sk\/wp-json\/wp\/v2\/product\/940","targetHints":{"allow":["GET"]}}],"collection":[{"href":"https:\/\/arboria.eco\/sk\/wp-json\/wp\/v2\/product"}],"about":[{"href":"https:\/\/arboria.eco\/sk\/wp-json\/wp\/v2\/types\/product"}],"replies":[{"embeddable":true,"href":"https:\/\/arboria.eco\/sk\/wp-json\/wp\/v2\/comments?post=940"}],"wp:featuredmedia":[{"embeddable":true,"href":"https:\/\/arboria.eco\/sk\/wp-json\/wp\/v2\/media\/929"}],"wp:attachment":[{"href":"https:\/\/arboria.eco\/sk\/wp-json\/wp\/v2\/media?parent=940"}],"wp:term":[{"taxonomy":"product_brand","embeddable":true,"href":"https:\/\/arboria.eco\/sk\/wp-json\/wp\/v2\/product_brand?post=940"},{"taxonomy":"product_cat","embeddable":true,"href":"https:\/\/arboria.eco\/sk\/wp-json\/wp\/v2\/product_cat?post=940"},{"taxonomy":"product_tag","embeddable":true,"href":"https:\/\/arboria.eco\/sk\/wp-json\/wp\/v2\/product_tag?post=940"}],"curies":[{"name":"wp","href":"https:\/\/api.w.org\/{rel}","templated":true}]}}