{"id":932,"date":"2026-01-28T17:51:36","date_gmt":"2026-01-28T16:51:36","guid":{"rendered":"https:\/\/arboria.eco\/?post_type=product&#038;p=932"},"modified":"2026-04-26T12:07:26","modified_gmt":"2026-04-26T10:07:26","slug":"zahradni-ohradka-800x1200","status":"publish","type":"product","link":"https:\/\/arboria.eco\/sk\/product\/zahradni-ohradka-800x1200","title":{"rendered":"Z\u00e1hradn\u00e1 ohr\u00e1dka 800\u00d71200 mm"},"content":{"rendered":"<p>Najpred\u00e1vanej\u0161ia ve\u013ekos\u0165! Klasick\u00e1 ve\u013ekos\u0165 EUR, overen\u00e1 tis\u00edckami z\u00e1hradk\u00e1rov.<\/p>\n<ul>\n<li>Rozmery: 800 \u00d7 1200 \u00d7 200 mm<\/li>\n<li>Objem na 1 \u00farovni: 192 litrov<\/li>\n<li>Vhodn\u00e9 pre: univerz\u00e1lne pou\u017eitie, v\u0161etky druhy rastl\u00edn<\/li>\n<\/ul>","protected":false},"excerpt":{"rendered":"<p>Najpred\u00e1vanej\u0161ia ve\u013ekos\u0165! Klasick\u00e1 ve\u013ekos\u0165 EUR, overen\u00e1 tis\u00edckami z\u00e1hradk\u00e1rov.<\/p>\n<p><strong>Rozmery:<\/strong> 800 \u00d7 1200 \u00d7 200 mm<\/p>","protected":false},"featured_media":929,"comment_status":"open","ping_status":"closed","template":"","meta":{"inline_featured_image":false},"product_brand":[],"product_cat":[19],"product_tag":[],"class_list":{"0":"post-932","1":"product","2":"type-product","3":"status-publish","4":"has-post-thumbnail","6":"product_cat-stredni-obdelnikove","7":"grve-entry-item","9":"first","10":"instock","11":"shipping-taxable","12":"purchasable","13":"product-type-simple"},"_links":{"self":[{"href":"https:\/\/arboria.eco\/sk\/wp-json\/wp\/v2\/product\/932","targetHints":{"allow":["GET"]}}],"collection":[{"href":"https:\/\/arboria.eco\/sk\/wp-json\/wp\/v2\/product"}],"about":[{"href":"https:\/\/arboria.eco\/sk\/wp-json\/wp\/v2\/types\/product"}],"replies":[{"embeddable":true,"href":"https:\/\/arboria.eco\/sk\/wp-json\/wp\/v2\/comments?post=932"}],"wp:featuredmedia":[{"embeddable":true,"href":"https:\/\/arboria.eco\/sk\/wp-json\/wp\/v2\/media\/929"}],"wp:attachment":[{"href":"https:\/\/arboria.eco\/sk\/wp-json\/wp\/v2\/media?parent=932"}],"wp:term":[{"taxonomy":"product_brand","embeddable":true,"href":"https:\/\/arboria.eco\/sk\/wp-json\/wp\/v2\/product_brand?post=932"},{"taxonomy":"product_cat","embeddable":true,"href":"https:\/\/arboria.eco\/sk\/wp-json\/wp\/v2\/product_cat?post=932"},{"taxonomy":"product_tag","embeddable":true,"href":"https:\/\/arboria.eco\/sk\/wp-json\/wp\/v2\/product_tag?post=932"}],"curies":[{"name":"wp","href":"https:\/\/api.w.org\/{rel}","templated":true}]}}