{"id":928,"date":"2026-01-28T17:40:53","date_gmt":"2026-01-28T16:40:53","guid":{"rendered":"https:\/\/arboria.eco\/?post_type=product&#038;p=928"},"modified":"2026-05-11T14:27:10","modified_gmt":"2026-05-11T12:27:10","slug":"zahradni-ohradka-800x1000","status":"publish","type":"product","link":"https:\/\/arboria.eco\/sk\/product\/zahradni-ohradka-800x1000","title":{"rendered":"Z\u00e1hradn\u00e1 ohr\u00e1dka 800\u00d71000 mm"},"content":{"rendered":"<p>Vyv\u00e1\u017een\u00fd pomer str\u00e1n na v\u0161estrann\u00e9 pou\u017eitie.<\/p>\n<ul>\n<li>Rozmery: 800 \u00d7 1000 \u00d7 200 mm<\/li>\n<li>Objem na 1 \u00farovni: 160 litrov<\/li>\n<li>Vhodn\u00e9 pre: kombinovan\u00e9 v\u00fdsadby<\/li>\n<\/ul>","protected":false},"excerpt":{"rendered":"<p>Vyv\u00e1\u017een\u00fd pomer str\u00e1n na v\u0161estrann\u00e9 pou\u017eitie.<\/p>\n<p><strong>Rozmery:<\/strong> 800 \u00d7 1000 \u00d7 200 mm<\/p>","protected":false},"featured_media":929,"comment_status":"open","ping_status":"closed","template":"","meta":{"inline_featured_image":false},"product_brand":[],"product_cat":[19],"product_tag":[],"class_list":{"0":"post-928","1":"product","2":"type-product","3":"status-publish","4":"has-post-thumbnail","6":"product_cat-stredni-obdelnikove","7":"grve-entry-item","9":"first","10":"instock","11":"shipping-taxable","12":"purchasable","13":"product-type-simple"},"_links":{"self":[{"href":"https:\/\/arboria.eco\/sk\/wp-json\/wp\/v2\/product\/928","targetHints":{"allow":["GET"]}}],"collection":[{"href":"https:\/\/arboria.eco\/sk\/wp-json\/wp\/v2\/product"}],"about":[{"href":"https:\/\/arboria.eco\/sk\/wp-json\/wp\/v2\/types\/product"}],"replies":[{"embeddable":true,"href":"https:\/\/arboria.eco\/sk\/wp-json\/wp\/v2\/comments?post=928"}],"wp:featuredmedia":[{"embeddable":true,"href":"https:\/\/arboria.eco\/sk\/wp-json\/wp\/v2\/media\/929"}],"wp:attachment":[{"href":"https:\/\/arboria.eco\/sk\/wp-json\/wp\/v2\/media?parent=928"}],"wp:term":[{"taxonomy":"product_brand","embeddable":true,"href":"https:\/\/arboria.eco\/sk\/wp-json\/wp\/v2\/product_brand?post=928"},{"taxonomy":"product_cat","embeddable":true,"href":"https:\/\/arboria.eco\/sk\/wp-json\/wp\/v2\/product_cat?post=928"},{"taxonomy":"product_tag","embeddable":true,"href":"https:\/\/arboria.eco\/sk\/wp-json\/wp\/v2\/product_tag?post=928"}],"curies":[{"name":"wp","href":"https:\/\/api.w.org\/{rel}","templated":true}]}}